{"id":3034,"date":"2018-10-14T20:09:09","date_gmt":"2018-10-14T20:09:09","guid":{"rendered":"http:\/\/artemonte.diegoguindos.com\/?page_id=3034"},"modified":"2018-12-10T07:29:28","modified_gmt":"2018-12-10T06:29:28","slug":"terminos-y-condiciones-de-compra","status":"publish","type":"page","link":"https:\/\/artemonte.diegoguindos.com\/en\/terminos-y-condiciones-de-compra\/","title":{"rendered":"T\u00e9rminos y condiciones de compra"},"content":{"rendered":"<div class=\"one-half first\">\n<h2>C\u00f3mo comprar<\/h2>\n<p>Comprar en Artemonte.com es muy sencillo y adem\u00e1s no tiene costes de env\u00edo. S\u00f3lo has de seguir los siguientes pasos:<\/p>\n<ol>\n<li>Elige una l\u00ednea de productos: Embutidos, Productos en Orza, Pat\u00e9s o Productos Elaborados.<\/li>\n<li>Visualiza el producto\/s que te interesa\/n. A trav\u00e9s de un clic conseguir\u00e1s una ampliaci\u00f3n de la fotograf\u00eda para ver detalle del producto, composici\u00f3n, precio y sugerencias de consumo.<\/li>\n<li>Selecciona un producto y a\u00f1ade el art\u00edculo a la cesta. A continuaci\u00f3n puedes elegir seguir comprando o tramitar pedido.<\/li>\n<li>Si quieres seguir comprando, repite el proceso pero si quieres tramitar pedido, reg\u00edstrate.<\/li>\n<li>Una vez que hayas introducido tus datos, comprueba que sean correctos y pulsa \u201cconfirmar\u201d.<\/li>\n<li>Aseg\u00farate de que la direcci\u00f3n de env\u00edo y facturaci\u00f3n son correctas.<\/li>\n<li>Selecciona un m\u00e9todo de pago: En estos momentos solo se permite el pago a trav\u00e9s de tarjeta de cr\u00e9dito. Una vez se metan los datos de la tarjeta llegar\u00e1 un mensaje al m\u00f3vil del Titular con un c\u00f3digo que se debe introducir para poder hacer el pago.<\/li>\n<li>Confirma el pedido.<\/li>\n<li>Recibir\u00e1s un email confirm\u00e1ndote tu pedido.<\/li>\n<\/ol>\n<\/div>\n<div class=\"one-half\">\n<h2>C\u00f3mo gestionar devoluciones<\/h2>\n<p>Si en alguna ocasi\u00f3n, por error, te llega un art\u00edculo que no has pedido ponte en contacto con nuestro departamento de atenci\u00f3n al cliente.<br \/>\nTras verificar todos los datos, enviaremos un transportista a recoger tu paquete en las pr\u00f3ximas 24 horas (siempre que sea posible). Para concretar la recogida, la empresa de transporte se pondr\u00e1 en contacto contigo. Si, por cualquier motivo, no te convence la fecha que te proponen, ponte en contacto con ellos para cambiarla.<\/p>\n<p>Si la devoluci\u00f3n se debe a cualquier defecto en alguno de los productos de Artemonte, la devoluci\u00f3n ser\u00e1 totalmente gratuita. Adem\u00e1s podr\u00e1 elegir la opci\u00f3n de que le repongamos el producto \u00f3 de que le devolvamos el importe abonado. Dicho importe se devolver\u00e1 del mismo modo en que se realiz\u00f3 la compra.<\/p>\n<\/div>\n<div style=\"clear: both;\">&nbsp;<\/div>\n","protected":false},"excerpt":{"rendered":"<p>C\u00f3mo comprar Comprar en Artemonte.com es muy sencillo y adem\u00e1s no tiene costes de env\u00edo. S\u00f3lo has de seguir los siguientes pasos: Elige una l\u00ednea de productos: Embutidos, Productos en Orza, Pat\u00e9s o Productos Elaborados. Visualiza el producto\/s que te interesa\/n. A trav\u00e9s de un clic conseguir\u00e1s una ampliaci\u00f3n de la fotograf\u00eda para ver detalle &hellip;<\/p>\n","protected":false},"author":2,"featured_media":0,"parent":0,"menu_order":0,"comment_status":"closed","ping_status":"closed","template":"","meta":{"_genesis_hide_title":false,"_genesis_hide_breadcrumbs":false,"_genesis_hide_singular_image":false,"_genesis_hide_footer_widgets":false,"_genesis_custom_body_class":"","_genesis_custom_post_class":"","_genesis_layout":""},"_links":{"self":[{"href":"https:\/\/artemonte.diegoguindos.com\/en\/wp-json\/wp\/v2\/pages\/3034"}],"collection":[{"href":"https:\/\/artemonte.diegoguindos.com\/en\/wp-json\/wp\/v2\/pages"}],"about":[{"href":"https:\/\/artemonte.diegoguindos.com\/en\/wp-json\/wp\/v2\/types\/page"}],"author":[{"embeddable":true,"href":"https:\/\/artemonte.diegoguindos.com\/en\/wp-json\/wp\/v2\/users\/2"}],"replies":[{"embeddable":true,"href":"https:\/\/artemonte.diegoguindos.com\/en\/wp-json\/wp\/v2\/comments?post=3034"}],"version-history":[{"count":2,"href":"https:\/\/artemonte.diegoguindos.com\/en\/wp-json\/wp\/v2\/pages\/3034\/revisions"}],"predecessor-version":[{"id":3930,"href":"https:\/\/artemonte.diegoguindos.com\/en\/wp-json\/wp\/v2\/pages\/3034\/revisions\/3930"}],"wp:attachment":[{"href":"https:\/\/artemonte.diegoguindos.com\/en\/wp-json\/wp\/v2\/media?parent=3034"}],"curies":[{"name":"wp","href":"https:\/\/api.w.org\/{rel}","templated":true}]}}