{"id":3017,"date":"2018-10-14T19:37:27","date_gmt":"2018-10-14T19:37:27","guid":{"rendered":"http:\/\/artemonte.diegoguindos.com\/?page_id=3017"},"modified":"2019-01-18T07:27:05","modified_gmt":"2019-01-18T06:27:05","slug":"contacto","status":"publish","type":"page","link":"https:\/\/artemonte.diegoguindos.com\/fr\/contacto\/","title":{"rendered":"Contact"},"content":{"rendered":"\n<h2>N&rsquo;h\u00e9sitez pas \u00e0 nous contacter<\/h2>\n\n\n\n<p>Pour les questions se rapportant \u00e0 une commande ou pour plus d\u2019informations sur nos produits.<\/p>\n\n\n<div class=\"one-half first\">\n<div role=\"form\" class=\"wpcf7\" id=\"wpcf7-f3016-o1\" lang=\"es-ES\" dir=\"ltr\">\n<div class=\"screen-reader-response\"><p role=\"status\" aria-live=\"polite\" aria-atomic=\"true\"><\/p> <ul><\/ul><\/div>\n<form action=\"\/fr\/wp-json\/wp\/v2\/pages\/3017#wpcf7-f3016-o1\" method=\"post\" class=\"wpcf7-form init\" novalidate=\"novalidate\" data-status=\"init\">\n<div style=\"display: none;\">\n<input type=\"hidden\" name=\"_wpcf7\" value=\"3016\" \/>\n<input type=\"hidden\" name=\"_wpcf7_version\" value=\"5.3\" \/>\n<input type=\"hidden\" name=\"_wpcf7_locale\" value=\"es_ES\" \/>\n<input type=\"hidden\" name=\"_wpcf7_unit_tag\" value=\"wpcf7-f3016-o1\" \/>\n<input type=\"hidden\" name=\"_wpcf7_container_post\" value=\"0\" \/>\n<input type=\"hidden\" name=\"_wpcf7_posted_data_hash\" value=\"\" \/>\n<\/div>\n<p><label> Nombre *<br \/>\n    <span class=\"wpcf7-form-control-wrap your-name\"><input type=\"text\" name=\"your-name\" value=\"\" size=\"40\" class=\"wpcf7-form-control wpcf7-text wpcf7-validates-as-required\" aria-required=\"true\" aria-invalid=\"false\" \/><\/span> <\/label><\/p>\n<p><label> Email *<br \/>\n    <span class=\"wpcf7-form-control-wrap your-email\"><input type=\"email\" name=\"your-email\" value=\"\" size=\"40\" class=\"wpcf7-form-control wpcf7-text wpcf7-email wpcf7-validates-as-required wpcf7-validates-as-email\" aria-required=\"true\" aria-invalid=\"false\" \/><\/span> <\/label><\/p>\n<p><label> Asunto<br \/>\n    <span class=\"wpcf7-form-control-wrap your-subject\"><input type=\"text\" name=\"your-subject\" value=\"\" size=\"40\" class=\"wpcf7-form-control wpcf7-text\" aria-invalid=\"false\" \/><\/span> <\/label><\/p>\n<p><label> Mensaje<br \/>\n    <span class=\"wpcf7-form-control-wrap your-message\"><textarea name=\"your-message\" cols=\"40\" rows=\"10\" class=\"wpcf7-form-control wpcf7-textarea\" aria-invalid=\"false\"><\/textarea><\/span> <\/label><\/p>\n<p><span class=\"wpcf7-form-control-wrap acceptance-692\"><span class=\"wpcf7-form-control wpcf7-acceptance\"><span class=\"wpcf7-list-item\"><label><input type=\"checkbox\" name=\"acceptance-692\" value=\"1\" aria-invalid=\"false\" \/><span class=\"wpcf7-list-item-label\">* He leido y aceptado las <a href=\"\/condiciones-generales-de-acceso\/\">condiciones generales de privacidad<\/a>.<\/span><\/label><\/span><\/span><\/span><\/p>\n<p><input type=\"submit\" value=\"Enviar\" class=\"wpcf7-form-control wpcf7-submit\" \/><\/p>\n<p class=\"dgv-legal\">A los efectos de lo dispuesto en la Ley Org\u00e1nica 15\/99 de 13 de diciembre de Protecci\u00f3n de Datos de Car\u00e1cter Personal, C\u00e1rnicas de Aldeaquemada, SL (Artemonte) comunica al Usuario que los datos facilitados para la formalizaci\u00f3n de los formularios contenidos en esta web site, podr\u00e1n quedar recogidos en ficheros automatizados cuyo responsable es C\u00e1rnicas de Aldeaquemada SL ( c\/Pozo de las Herrer\u00edas s\/n 23215 Aldeaquemada (Ja\u00e9n), cuya finalidad es mantener una relaci\u00f3n con los interesados para actividades de servicio, de informaci\u00f3n, de mantenimiento y mejora de esta web site y la realizaci\u00f3n de acciones comerciales y promocionales especialmente dise\u00f1adas para los interesados. En esta misma direcci\u00f3n, los interesados podr\u00e1n ejercitar el derecho de acceso, rectificaci\u00f3n y cancelaci\u00f3n de los datos, enviando una solicitud escrita y firmada incluyendo nombre, apellidos y DNI con las instrucciones precisas al efecto.<\/p>\n<div class=\"wpcf7-response-output\" aria-hidden=\"true\"><\/div><\/form><\/div>\n<\/div>\n<div class=\"one-half\">\n<iframe src=\"https:\/\/www.google.com\/maps\/embed?pb=!1m18!1m12!1m3!1d3126.2042173199957!2d-3.3739236849300482!3d38.413645182918415!2m3!1f0!2f0!3f0!3m2!1i1024!2i768!4f13.1!3m3!1m2!1s0xd6ec649ad611aef%3A0xa858cbb1c7088dea!2sC%C3%A1rnicas+%22Arte+Monte%22!5e0!3m2!1ses!2ses!4v1539545830620\" width=\"600\" height=\"450\" frameborder=\"0\" style=\"border:0\" allowfullscreen=\"\"><\/iframe>\n<\/div>","protected":false},"excerpt":{"rendered":"<p>N&rsquo;h\u00e9sitez pas \u00e0 nous contacter Pour les questions se rapportant \u00e0 une commande ou pour plus d\u2019informations sur nos produits.<\/p>\n","protected":false},"author":2,"featured_media":0,"parent":0,"menu_order":0,"comment_status":"closed","ping_status":"closed","template":"","meta":{"_genesis_hide_title":false,"_genesis_hide_breadcrumbs":false,"_genesis_hide_singular_image":false,"_genesis_hide_footer_widgets":false,"_genesis_custom_body_class":"","_genesis_custom_post_class":"","_genesis_layout":""},"_links":{"self":[{"href":"https:\/\/artemonte.diegoguindos.com\/fr\/wp-json\/wp\/v2\/pages\/3017"}],"collection":[{"href":"https:\/\/artemonte.diegoguindos.com\/fr\/wp-json\/wp\/v2\/pages"}],"about":[{"href":"https:\/\/artemonte.diegoguindos.com\/fr\/wp-json\/wp\/v2\/types\/page"}],"author":[{"embeddable":true,"href":"https:\/\/artemonte.diegoguindos.com\/fr\/wp-json\/wp\/v2\/users\/2"}],"replies":[{"embeddable":true,"href":"https:\/\/artemonte.diegoguindos.com\/fr\/wp-json\/wp\/v2\/comments?post=3017"}],"version-history":[{"count":1,"href":"https:\/\/artemonte.diegoguindos.com\/fr\/wp-json\/wp\/v2\/pages\/3017\/revisions"}],"predecessor-version":[{"id":3955,"href":"https:\/\/artemonte.diegoguindos.com\/fr\/wp-json\/wp\/v2\/pages\/3017\/revisions\/3955"}],"wp:attachment":[{"href":"https:\/\/artemonte.diegoguindos.com\/fr\/wp-json\/wp\/v2\/media?parent=3017"}],"curies":[{"name":"wp","href":"https:\/\/api.w.org\/{rel}","templated":true}]}}