{"id":3559,"date":"2018-11-17T14:13:47","date_gmt":"2018-11-17T13:13:47","guid":{"rendered":"http:\/\/artemonte.diegoguindos.com\/?page_id=3559"},"modified":"2019-01-18T07:44:33","modified_gmt":"2019-01-18T06:44:33","slug":"catalogues","status":"publish","type":"page","link":"https:\/\/artemonte.diegoguindos.com\/fr\/catalogues\/","title":{"rendered":"Catalogues"},"content":{"rendered":"<div id=\"pl-gb3559-69e3920343e8b\"  class=\"panel-layout\" ><div id=\"pg-gb3559-69e3920343e8b-0\"  class=\"panel-grid panel-no-style\" ><div id=\"pgc-gb3559-69e3920343e8b-0-0\"  class=\"panel-grid-cell\" ><div id=\"panel-gb3559-69e3920343e8b-0-0-0\" class=\"so-panel widget widget_sow-editor panel-first-child panel-last-child\" data-index=\"0\" ><div class=\"so-widget-sow-editor so-widget-sow-editor-base\">\n<div class=\"siteorigin-widget-tinymce textwidget\">\n\t<div class=\"dgv-width alignleft\">\n<h2>Voulez-vous en savoir plus sur Artemonte?<\/h2>\n<p>Si vous voulez en savoir plus sur l&rsquo;histoire et les produits d&rsquo;Artemonte, n&rsquo;h\u00e9sitez pas \u00e0 t\u00e9l\u00e9charger nos catalogues. Vous pouvez vous rapprocher de notre philosophie et de notre trajectoire pour devenir des leaders dans le secteur alimentaire.<\/p>\n<\/div>\n<\/div>\n<\/div><\/div><\/div><\/div><div id=\"pg-gb3559-69e3920343e8b-1\"  class=\"panel-grid panel-has-style\" ><div class=\"siteorigin-panels-stretch panel-row-style panel-row-style-for-gb3559-69e3920343e8b-1\" data-stretch-type=\"full-stretched-padded\" ><div id=\"pgc-gb3559-69e3920343e8b-1-0\"  class=\"panel-grid-cell panel-grid-cell-mobile-last\" ><div class=\"dgv-full-width-padding panel-cell-style panel-cell-style-for-gb3559-69e3920343e8b-1-0\" ><div id=\"panel-gb3559-69e3920343e8b-1-0-0\" class=\"so-panel widget widget_sow-editor panel-first-child panel-last-child\" data-index=\"1\" ><div class=\"so-widget-sow-editor so-widget-sow-editor-base\">\n<div class=\"siteorigin-widget-tinymce textwidget\">\n\t<h2>Catalogue d&rsquo;entreprise<\/h2>\n<p>C&rsquo;est une entreprise sp\u00e9cialis\u00e9e dans l&rsquo;\u00e9laboration de saucisses, de conserves de l\u00e9gumes et de plats pr\u00e9par\u00e9s \u00e0 base de morceaux de chasse.<\/p>\n<p><a class=\"button\" href=\"\/wp-content\/uploads\/Catalogo_Artemonte.pdf\" target=\"_blank\" rel=\"nofollow noopener noreferrer\">Voir catalogue<\/a><\/p>\n<\/div>\n<\/div><\/div><\/div><\/div><div id=\"pgc-gb3559-69e3920343e8b-1-1\"  class=\"panel-grid-cell panel-grid-cell-empty\" ><div class=\"dgv-full-width-img dgv-izq panel-cell-style panel-cell-style-for-gb3559-69e3920343e8b-1-1\" ><\/div><\/div><\/div><\/div><div id=\"pg-gb3559-69e3920343e8b-2\"  class=\"panel-grid panel-has-style\" ><div class=\"siteorigin-panels-stretch panel-row-style panel-row-style-for-gb3559-69e3920343e8b-2\" data-stretch-type=\"full-stretched-padded\" ><div id=\"pgc-gb3559-69e3920343e8b-2-0\"  class=\"panel-grid-cell panel-grid-cell-empty\" ><div class=\"dgv-full-width-img panel-cell-style panel-cell-style-for-gb3559-69e3920343e8b-2-0\" ><\/div><\/div><div id=\"pgc-gb3559-69e3920343e8b-2-1\"  class=\"panel-grid-cell\" ><div class=\"dgv-full-width-padding panel-cell-style panel-cell-style-for-gb3559-69e3920343e8b-2-1\" ><div id=\"panel-gb3559-69e3920343e8b-2-1-0\" class=\"so-panel widget widget_sow-editor panel-first-child panel-last-child\" data-index=\"2\" ><div class=\"so-widget-sow-editor so-widget-sow-editor-base\">\n<div class=\"siteorigin-widget-tinymce textwidget\">\n\t<h2>Catalogue de produits<\/h2>\n<p>Notre plus grande valeur r\u00e9side dans la qualit\u00e9 de nos produits<\/p>\n<p><a class=\"button\" href=\"\/wp-content\/uploads\/Catalogo_Artemonte_Online.pdf\" target=\"_blank\" rel=\"nofollow noopener noreferrer\">Voir catalogue<\/a><\/p>\n<\/div>\n<\/div><\/div><\/div><\/div><\/div><\/div><div id=\"pg-gb3559-69e3920343e8b-3\"  class=\"panel-grid panel-no-style\" ><div id=\"pgc-gb3559-69e3920343e8b-3-0\"  class=\"panel-grid-cell\" ><div id=\"panel-gb3559-69e3920343e8b-3-0-0\" class=\"so-panel widget widget_sow-editor panel-first-child\" data-index=\"3\" ><div class=\"so-widget-sow-editor so-widget-sow-editor-base\">\n<div class=\"siteorigin-widget-tinymce textwidget\">\n\t<h2 style=\"text-align: center\">La nature exub\u00e9rante des montagnes Aldeaquemada donne \u00e0 Artemonte ses plus grands tr\u00e9sors<\/h2>\n<\/div>\n<\/div><\/div><div id=\"panel-gb3559-69e3920343e8b-3-0-1\" class=\"so-panel widget widget_sow-editor panel-last-child\" data-index=\"4\" ><div class=\"so-widget-sow-editor so-widget-sow-editor-base\">\n<div class=\"siteorigin-widget-tinymce textwidget\">\n\t<div class=\"dgv-width\">\n<strong>Pour plus d&rsquo;informations \u00e9crivez-nous<\/strong><br \/>\n<div role=\"form\" class=\"wpcf7\" id=\"wpcf7-f3016-o1\" lang=\"es-ES\" dir=\"ltr\">\n<div class=\"screen-reader-response\"><p role=\"status\" aria-live=\"polite\" aria-atomic=\"true\"><\/p> <ul><\/ul><\/div>\n<form action=\"\/fr\/wp-json\/wp\/v2\/pages\/3559#wpcf7-f3016-o1\" method=\"post\" class=\"wpcf7-form init\" novalidate=\"novalidate\" data-status=\"init\">\n<div style=\"display: none;\">\n<input type=\"hidden\" name=\"_wpcf7\" value=\"3016\" \/>\n<input type=\"hidden\" name=\"_wpcf7_version\" value=\"5.3\" \/>\n<input type=\"hidden\" name=\"_wpcf7_locale\" value=\"es_ES\" \/>\n<input type=\"hidden\" name=\"_wpcf7_unit_tag\" value=\"wpcf7-f3016-o1\" \/>\n<input type=\"hidden\" name=\"_wpcf7_container_post\" value=\"0\" \/>\n<input type=\"hidden\" name=\"_wpcf7_posted_data_hash\" value=\"\" \/>\n<\/div>\n<p><label> Nombre *<br \/>\n    <span class=\"wpcf7-form-control-wrap your-name\"><input type=\"text\" name=\"your-name\" value=\"\" size=\"40\" class=\"wpcf7-form-control wpcf7-text wpcf7-validates-as-required\" aria-required=\"true\" aria-invalid=\"false\" \/><\/span> <\/label><\/p>\n<p><label> Email *<br \/>\n    <span class=\"wpcf7-form-control-wrap your-email\"><input type=\"email\" name=\"your-email\" value=\"\" size=\"40\" class=\"wpcf7-form-control wpcf7-text wpcf7-email wpcf7-validates-as-required wpcf7-validates-as-email\" aria-required=\"true\" aria-invalid=\"false\" \/><\/span> <\/label><\/p>\n<p><label> Asunto<br \/>\n    <span class=\"wpcf7-form-control-wrap your-subject\"><input type=\"text\" name=\"your-subject\" value=\"\" size=\"40\" class=\"wpcf7-form-control wpcf7-text\" aria-invalid=\"false\" \/><\/span> <\/label><\/p>\n<p><label> Mensaje<br \/>\n    <span class=\"wpcf7-form-control-wrap your-message\"><textarea name=\"your-message\" cols=\"40\" rows=\"10\" class=\"wpcf7-form-control wpcf7-textarea\" aria-invalid=\"false\"><\/textarea><\/span> <\/label><\/p>\n<p><span class=\"wpcf7-form-control-wrap acceptance-692\"><span class=\"wpcf7-form-control wpcf7-acceptance\"><span class=\"wpcf7-list-item\"><label><input type=\"checkbox\" name=\"acceptance-692\" value=\"1\" aria-invalid=\"false\" \/><span class=\"wpcf7-list-item-label\">* He leido y aceptado las <a href=\"\/condiciones-generales-de-acceso\/\">condiciones generales de privacidad<\/a>.<\/span><\/label><\/span><\/span><\/span><\/p>\n<p><input type=\"submit\" value=\"Enviar\" class=\"wpcf7-form-control wpcf7-submit\" \/><\/p>\n<p class=\"dgv-legal\">A los efectos de lo dispuesto en la Ley Org\u00e1nica 15\/99 de 13 de diciembre de Protecci\u00f3n de Datos de Car\u00e1cter Personal, C\u00e1rnicas de Aldeaquemada, SL (Artemonte) comunica al Usuario que los datos facilitados para la formalizaci\u00f3n de los formularios contenidos en esta web site, podr\u00e1n quedar recogidos en ficheros automatizados cuyo responsable es C\u00e1rnicas de Aldeaquemada SL ( c\/Pozo de las Herrer\u00edas s\/n 23215 Aldeaquemada (Ja\u00e9n), cuya finalidad es mantener una relaci\u00f3n con los interesados para actividades de servicio, de informaci\u00f3n, de mantenimiento y mejora de esta web site y la realizaci\u00f3n de acciones comerciales y promocionales especialmente dise\u00f1adas para los interesados. En esta misma direcci\u00f3n, los interesados podr\u00e1n ejercitar el derecho de acceso, rectificaci\u00f3n y cancelaci\u00f3n de los datos, enviando una solicitud escrita y firmada incluyendo nombre, apellidos y DNI con las instrucciones precisas al efecto.<\/p>\n<div class=\"wpcf7-response-output\" aria-hidden=\"true\"><\/div><\/form><\/div>\n<\/div>\n<\/div>\n<\/div><\/div><\/div><\/div><\/div>","protected":false},"excerpt":{"rendered":"","protected":false},"author":2,"featured_media":0,"parent":0,"menu_order":0,"comment_status":"closed","ping_status":"closed","template":"","meta":{"_genesis_hide_title":false,"_genesis_hide_breadcrumbs":false,"_genesis_hide_singular_image":false,"_genesis_hide_footer_widgets":false,"_genesis_custom_body_class":"","_genesis_custom_post_class":"","_genesis_layout":""},"_links":{"self":[{"href":"https:\/\/artemonte.diegoguindos.com\/fr\/wp-json\/wp\/v2\/pages\/3559"}],"collection":[{"href":"https:\/\/artemonte.diegoguindos.com\/fr\/wp-json\/wp\/v2\/pages"}],"about":[{"href":"https:\/\/artemonte.diegoguindos.com\/fr\/wp-json\/wp\/v2\/types\/page"}],"author":[{"embeddable":true,"href":"https:\/\/artemonte.diegoguindos.com\/fr\/wp-json\/wp\/v2\/users\/2"}],"replies":[{"embeddable":true,"href":"https:\/\/artemonte.diegoguindos.com\/fr\/wp-json\/wp\/v2\/comments?post=3559"}],"version-history":[{"count":1,"href":"https:\/\/artemonte.diegoguindos.com\/fr\/wp-json\/wp\/v2\/pages\/3559\/revisions"}],"predecessor-version":[{"id":3962,"href":"https:\/\/artemonte.diegoguindos.com\/fr\/wp-json\/wp\/v2\/pages\/3559\/revisions\/3962"}],"wp:attachment":[{"href":"https:\/\/artemonte.diegoguindos.com\/fr\/wp-json\/wp\/v2\/media?parent=3559"}],"curies":[{"name":"wp","href":"https:\/\/api.w.org\/{rel}","templated":true}]}}