{"id":691,"date":"2018-10-14T07:13:57","date_gmt":"2018-10-14T07:13:57","guid":{"rendered":"http:\/\/artemonte.diegoguindos.com\/producto\/import-placeholder-for-118\/"},"modified":"2019-01-18T06:11:31","modified_gmt":"2019-01-18T05:11:31","slug":"chorizo-de-canard","status":"publish","type":"product","link":"https:\/\/artemonte.diegoguindos.com\/fr\/produit\/charcuterie\/charcuterie-canard\/chorizo-de-canard\/","title":{"rendered":"Chorizo de Canard"},"content":{"rendered":"","protected":false},"excerpt":{"rendered":"<p>Chorizo de grande qualit\u00e9 avec un go\u00fbt unique et intense qui impressionne tous les palais qui le go\u00fbtent.<\/p>\n<ul>\n\u00a0 <\/p>\n<li> Poids net: environ 280 grammes <\/li>\n<p>\u00a0 <\/p>\n<li> Mode de stockage: stockez dans un endroit frais <\/li>\n<p>\u00a0 <\/p>\n<li> Type d\u2019emballage: Emballage sous vide <\/li>\n<\/ul>\n","protected":false},"featured_media":77,"template":"","meta":{"_genesis_hide_title":false,"_genesis_hide_breadcrumbs":false,"_genesis_hide_singular_image":false,"_genesis_hide_footer_widgets":false,"_genesis_custom_body_class":"","_genesis_custom_post_class":"","_genesis_layout":""},"_links":{"self":[{"href":"https:\/\/artemonte.diegoguindos.com\/fr\/wp-json\/wp\/v2\/product\/691"}],"collection":[{"href":"https:\/\/artemonte.diegoguindos.com\/fr\/wp-json\/wp\/v2\/product"}],"about":[{"href":"https:\/\/artemonte.diegoguindos.com\/fr\/wp-json\/wp\/v2\/types\/product"}],"wp:featuredmedia":[{"embeddable":true,"href":"https:\/\/artemonte.diegoguindos.com\/fr\/wp-json\/wp\/v2\/media\/77"}],"wp:attachment":[{"href":"https:\/\/artemonte.diegoguindos.com\/fr\/wp-json\/wp\/v2\/media?parent=691"}],"curies":[{"name":"wp","href":"https:\/\/api.w.org\/{rel}","templated":true}]}}