{"id":693,"date":"2018-10-14T07:13:57","date_gmt":"2018-10-14T07:13:57","guid":{"rendered":"http:\/\/artemonte.diegoguindos.com\/producto\/import-placeholder-for-012\/"},"modified":"2019-01-18T06:20:43","modified_gmt":"2019-01-18T05:20:43","slug":"saucisson-de-canard","status":"publish","type":"product","link":"https:\/\/artemonte.diegoguindos.com\/fr\/produit\/charcuterie\/charcuterie-canard\/saucisson-de-canard\/","title":{"rendered":"Saucisson de canard"},"content":{"rendered":"","protected":false},"excerpt":{"rendered":"<p>Notre produit phare. Un produit tr\u00e8s exclusif, de grande qualit\u00e9, qui se distingue par son go\u00fbt singulier et sa texture. Id\u00e9al pour surprendre les palais les plus exigeants.<\/p>\n<ul>\n\u00a0 <\/p>\n<li> Poids net: environ 100 gr <\/li>\n<p>\u00a0 <\/p>\n<li> Mode de conservation: il est recommand\u00e9 de conserver au r\u00e9frig\u00e9rateur <\/li>\n<p>\u00a0 <\/p>\n<li> Type d&#8217;emballage: emball\u00e9 sous vide et avec \u00e9tui <\/li>\n<p>\u00a0 <\/p>\n<li> Expiration: 90 jours <\/li>\n<\/ul>\n","protected":false},"featured_media":108,"template":"","meta":{"_genesis_hide_title":false,"_genesis_hide_breadcrumbs":false,"_genesis_hide_singular_image":false,"_genesis_hide_footer_widgets":false,"_genesis_custom_body_class":"","_genesis_custom_post_class":"","_genesis_layout":""},"_links":{"self":[{"href":"https:\/\/artemonte.diegoguindos.com\/fr\/wp-json\/wp\/v2\/product\/693"}],"collection":[{"href":"https:\/\/artemonte.diegoguindos.com\/fr\/wp-json\/wp\/v2\/product"}],"about":[{"href":"https:\/\/artemonte.diegoguindos.com\/fr\/wp-json\/wp\/v2\/types\/product"}],"wp:featuredmedia":[{"embeddable":true,"href":"https:\/\/artemonte.diegoguindos.com\/fr\/wp-json\/wp\/v2\/media\/108"}],"wp:attachment":[{"href":"https:\/\/artemonte.diegoguindos.com\/fr\/wp-json\/wp\/v2\/media?parent=693"}],"curies":[{"name":"wp","href":"https:\/\/api.w.org\/{rel}","templated":true}]}}