{"id":697,"date":"2018-10-14T07:13:58","date_gmt":"2018-10-14T07:13:58","guid":{"rendered":"http:\/\/artemonte.diegoguindos.com\/producto\/import-placeholder-for-029\/"},"modified":"2019-01-18T05:42:48","modified_gmt":"2019-01-18T04:42:48","slug":"pate-sanglier","status":"publish","type":"product","link":"https:\/\/artemonte.diegoguindos.com\/fr\/produit\/pates\/pate-sanglier\/","title":{"rendered":"P\u00e2t\u00e9 de Sanglier"},"content":{"rendered":"","protected":false},"excerpt":{"rendered":"<p>Un p\u00e2t\u00e9 \u00e0 base de viande de sanglier qui se distingue par sa texture lisse et son go\u00fbt de montagne.<\/p>\n<p>Notre s\u00e9lection de p\u00e2t\u00e9s est l&rsquo;une des plus reconnues et exclusives du march\u00e9 des gourmets.<\/p>\n<p>Sa texture douce, semblable \u00e0 celle du foie gras fran\u00e7ais, associ\u00e9e \u00e0 la personnalit\u00e9 de son go\u00fbt, permet de go\u00fbter et de diff\u00e9rencier avec le palais le meilleur de chacune des viandes dont elles sont issues.<\/p>\n<p><strong>Caract\u00e9ristiques: <\/strong><\/p>\n<ul>\n<li> Poids net: environ 100 gr <\/li>\n<li> Mode de stockage: stockez dans un endroit frais <\/li>\n<li> Type de conteneur: pot en verre st\u00e9rilis\u00e9 <\/li>\n<li> Expiration: 2 ans <\/li>\n<\/ul>\n","protected":false},"featured_media":3708,"template":"","meta":{"_genesis_hide_title":false,"_genesis_hide_breadcrumbs":false,"_genesis_hide_singular_image":false,"_genesis_hide_footer_widgets":false,"_genesis_custom_body_class":"","_genesis_custom_post_class":"","_genesis_layout":""},"_links":{"self":[{"href":"https:\/\/artemonte.diegoguindos.com\/fr\/wp-json\/wp\/v2\/product\/697"}],"collection":[{"href":"https:\/\/artemonte.diegoguindos.com\/fr\/wp-json\/wp\/v2\/product"}],"about":[{"href":"https:\/\/artemonte.diegoguindos.com\/fr\/wp-json\/wp\/v2\/types\/product"}],"wp:featuredmedia":[{"embeddable":true,"href":"https:\/\/artemonte.diegoguindos.com\/fr\/wp-json\/wp\/v2\/media\/3708"}],"wp:attachment":[{"href":"https:\/\/artemonte.diegoguindos.com\/fr\/wp-json\/wp\/v2\/media?parent=697"}],"curies":[{"name":"wp","href":"https:\/\/api.w.org\/{rel}","templated":true}]}}