{"id":700,"date":"2018-10-14T07:13:58","date_gmt":"2018-10-14T07:13:58","guid":{"rendered":"http:\/\/artemonte.diegoguindos.com\/producto\/import-placeholder-for-212\/"},"modified":"2019-01-18T06:07:26","modified_gmt":"2019-01-18T05:07:26","slug":"filet-de-porc-en-pot","status":"publish","type":"product","link":"https:\/\/artemonte.diegoguindos.com\/fr\/produit\/conserves\/pot\/filet-de-porc-en-pot\/","title":{"rendered":"Filet de Porc en pot"},"content":{"rendered":"","protected":false},"excerpt":{"rendered":"<p>Un des plats les plus typiques de Ja\u00e9n. Le filet de porc est frit et coup\u00e9 en lamelles puis conditionn\u00e9 dans de l\u2019huile d\u2019olive vierge extra. Un plat id\u00e9al \u00e0 trancher et servir.<\/p>\n<p>Un produit d&rsquo;\u00e9picerie fine qui saura satisfaire les go\u00fbts les plus exquis. Un produit vraiment exclusif fabriqu\u00e9 \u00e0 partir de la meilleure partie du cerf.<\/p>\n<p>Les conserves \u00e0 Orza sont l\u2019un des plats les plus typiques de la gastronomie de Jaen. Notre situation privil\u00e9gi\u00e9e, \u00e0 Ja\u00e9n, nous permet d\u2019avoir la meilleure huile possible qui, avec notre s\u00e9lection exhaustive de viandes, forment une combinaison parfaite.<\/p>\n<p>Des produits qui se distinguent par leur naturel pour ceux qui choisissent les coupes de viande les plus nobles toujours combin\u00e9es \u00e0 de l&rsquo;huile d&rsquo;olive extra vierge (EVOO).<\/p>\n<ul>\n\u00a0 <\/p>\n<li> Poids net: environ 400 grammes <\/ li><br \/>\n\u00a0 <\/p>\n<li> Mode de stockage: stockez dans un endroit frais <\/ li><br \/>\n\u00a0 <\/p>\n<li> Type de conteneur: pot en verre st\u00e9rilis\u00e9 <\/ li><br \/>\n\u00a0 <\/p>\n<li> Expiration: 2 ans <\/ li><br \/>\n<\/ ul><\/p>\n","protected":false},"featured_media":87,"template":"","meta":{"_genesis_hide_title":false,"_genesis_hide_breadcrumbs":false,"_genesis_hide_singular_image":false,"_genesis_hide_footer_widgets":false,"_genesis_custom_body_class":"","_genesis_custom_post_class":"","_genesis_layout":""},"_links":{"self":[{"href":"https:\/\/artemonte.diegoguindos.com\/fr\/wp-json\/wp\/v2\/product\/700"}],"collection":[{"href":"https:\/\/artemonte.diegoguindos.com\/fr\/wp-json\/wp\/v2\/product"}],"about":[{"href":"https:\/\/artemonte.diegoguindos.com\/fr\/wp-json\/wp\/v2\/types\/product"}],"wp:featuredmedia":[{"embeddable":true,"href":"https:\/\/artemonte.diegoguindos.com\/fr\/wp-json\/wp\/v2\/media\/87"}],"wp:attachment":[{"href":"https:\/\/artemonte.diegoguindos.com\/fr\/wp-json\/wp\/v2\/media?parent=700"}],"curies":[{"name":"wp","href":"https:\/\/api.w.org\/{rel}","templated":true}]}}