{"id":701,"date":"2018-10-14T07:13:58","date_gmt":"2018-10-14T07:13:58","guid":{"rendered":"http:\/\/artemonte.diegoguindos.com\/producto\/import-placeholder-for-222\/"},"modified":"2019-01-18T06:09:23","modified_gmt":"2019-01-18T05:09:23","slug":"boudin-chauriere","status":"publish","type":"product","link":"https:\/\/artemonte.diegoguindos.com\/fr\/produit\/conserves\/pot\/boudin-chauriere\/","title":{"rendered":"Boudin \u00e0 la Chauri\u00e9re"},"content":{"rendered":"","protected":false},"excerpt":{"rendered":"<p>Un produit typique de la gastronomie de Ja\u00e9n qui est \u00e9labor\u00e9 uniquement avec des produits naturels. Son format, en crat\u00e8re, est id\u00e9al pour tartiner, pour faire des brouillades ou accompagner des plats.<\/p>\n<ul>\n\u00a0 <\/p>\n<li> Poids net: environ 400 grammes <\/li>\n<p>\u00a0 <\/p>\n<li> Mode de stockage: stockez dans un endroit frais <\/li>\n<p>\u00a0 <\/p>\n<li> Type de conteneur: pot en verre st\u00e9rilis\u00e9 <\/li>\n<p>\u00a0 <\/p>\n<li> Expiration: 2 ans <\/li>\n<\/ul>\n","protected":false},"featured_media":88,"template":"","meta":{"_genesis_hide_title":false,"_genesis_hide_breadcrumbs":false,"_genesis_hide_singular_image":false,"_genesis_hide_footer_widgets":false,"_genesis_custom_body_class":"","_genesis_custom_post_class":"","_genesis_layout":""},"_links":{"self":[{"href":"https:\/\/artemonte.diegoguindos.com\/fr\/wp-json\/wp\/v2\/product\/701"}],"collection":[{"href":"https:\/\/artemonte.diegoguindos.com\/fr\/wp-json\/wp\/v2\/product"}],"about":[{"href":"https:\/\/artemonte.diegoguindos.com\/fr\/wp-json\/wp\/v2\/types\/product"}],"wp:featuredmedia":[{"embeddable":true,"href":"https:\/\/artemonte.diegoguindos.com\/fr\/wp-json\/wp\/v2\/media\/88"}],"wp:attachment":[{"href":"https:\/\/artemonte.diegoguindos.com\/fr\/wp-json\/wp\/v2\/media?parent=701"}],"curies":[{"name":"wp","href":"https:\/\/api.w.org\/{rel}","templated":true}]}}