{"id":702,"date":"2018-10-14T07:13:59","date_gmt":"2018-10-14T07:13:59","guid":{"rendered":"http:\/\/artemonte.diegoguindos.com\/producto\/import-placeholder-for-009\/"},"modified":"2019-01-17T21:08:19","modified_gmt":"2019-01-17T20:08:19","slug":"chorizo-de-sanglier-sous-etui","status":"publish","type":"product","link":"https:\/\/artemonte.diegoguindos.com\/fr\/produit\/charcuterie\/charcuterie-sanglier\/chorizo-de-sanglier-sous-etui\/","title":{"rendered":"Chorizo de Sanglier sous \u00e9tui"},"content":{"rendered":"","protected":false},"excerpt":{"rendered":"<p>Le chorizo est \u00e9labor\u00e9 et mis en poche de mani\u00e8re artisanale en suivant les recettes et les proc\u00e9d\u00e9s traditionnels. Il se distingue par une saveur plus forte que celle du porc mais beaucoup plus saine en raison de sa faible teneur en mati\u00e8re grasse.<\/p>\n<ul>\n<li> Poids net: environ 280 grammes <\/li>\n<li> Mode de conservation: il est recommand\u00e9 de conserver au r\u00e9frig\u00e9rateur <\/li>\n<li> Type d&#8217;emballage: emball\u00e9 sous vide et avec \u00e9tui <\/li>\n<li> Expiration: 1 an <\/li>\n<\/ul>\n","protected":false},"featured_media":114,"template":"","meta":{"_genesis_hide_title":false,"_genesis_hide_breadcrumbs":false,"_genesis_hide_singular_image":false,"_genesis_hide_footer_widgets":false,"_genesis_custom_body_class":"","_genesis_custom_post_class":"","_genesis_layout":""},"_links":{"self":[{"href":"https:\/\/artemonte.diegoguindos.com\/fr\/wp-json\/wp\/v2\/product\/702"}],"collection":[{"href":"https:\/\/artemonte.diegoguindos.com\/fr\/wp-json\/wp\/v2\/product"}],"about":[{"href":"https:\/\/artemonte.diegoguindos.com\/fr\/wp-json\/wp\/v2\/types\/product"}],"wp:featuredmedia":[{"embeddable":true,"href":"https:\/\/artemonte.diegoguindos.com\/fr\/wp-json\/wp\/v2\/media\/114"}],"wp:attachment":[{"href":"https:\/\/artemonte.diegoguindos.com\/fr\/wp-json\/wp\/v2\/media?parent=702"}],"curies":[{"name":"wp","href":"https:\/\/api.w.org\/{rel}","templated":true}]}}