{"id":706,"date":"2018-10-14T07:13:59","date_gmt":"2018-10-14T07:13:59","guid":{"rendered":"http:\/\/artemonte.diegoguindos.com\/producto\/import-placeholder-for-299\/"},"modified":"2019-01-18T05:26:34","modified_gmt":"2019-01-18T04:26:34","slug":"lomo-jabali-orza","status":"publish","type":"product","link":"https:\/\/artemonte.diegoguindos.com\/fr\/produit\/conserves\/pot\/lomo-jabali-orza\/","title":{"rendered":"Lomo de Jabal\u00ed en Orza"},"content":{"rendered":"","protected":false},"excerpt":{"rendered":"<p>La viande de sanglier est tr\u00e8s appr\u00e9ci\u00e9e pour son go\u00fbt et sa faible teneur en calories. Elle est \u00e9galement tr\u00e8s faible en graisse et en cholest\u00e9rol. La qualit\u00e9 de cette viande et sa conservation dans l\u2019huile en font un d\u00e9lice.<\/p>\n<ul>\n\u00a0 <\/p>\n<li> Poids net: environ 400 grammes <\/li>\n<p>\u00a0 <\/p>\n<li> Mode de stockage: stockez dans un endroit frais <\/li>\n<p>\u00a0 <\/p>\n<li> Type de conteneur: pot en verre st\u00e9rilis\u00e9 <\/li>\n<p>\u00a0 <\/p>\n<li> Expiration: 2 ans <\/li>\n<\/ul>\n","protected":false},"featured_media":109,"template":"","meta":{"_genesis_hide_title":false,"_genesis_hide_breadcrumbs":false,"_genesis_hide_singular_image":false,"_genesis_hide_footer_widgets":false,"_genesis_custom_body_class":"","_genesis_custom_post_class":"","_genesis_layout":""},"_links":{"self":[{"href":"https:\/\/artemonte.diegoguindos.com\/fr\/wp-json\/wp\/v2\/product\/706"}],"collection":[{"href":"https:\/\/artemonte.diegoguindos.com\/fr\/wp-json\/wp\/v2\/product"}],"about":[{"href":"https:\/\/artemonte.diegoguindos.com\/fr\/wp-json\/wp\/v2\/types\/product"}],"wp:featuredmedia":[{"embeddable":true,"href":"https:\/\/artemonte.diegoguindos.com\/fr\/wp-json\/wp\/v2\/media\/109"}],"wp:attachment":[{"href":"https:\/\/artemonte.diegoguindos.com\/fr\/wp-json\/wp\/v2\/media?parent=706"}],"curies":[{"name":"wp","href":"https:\/\/api.w.org\/{rel}","templated":true}]}}