{"id":710,"date":"2018-10-14T07:14:00","date_gmt":"2018-10-14T07:14:00","guid":{"rendered":"http:\/\/artemonte.diegoguindos.com\/producto\/import-placeholder-for-002\/"},"modified":"2018-12-26T18:09:18","modified_gmt":"2018-12-26T17:09:18","slug":"chorizo-daim-en-tranches","status":"publish","type":"product","link":"https:\/\/artemonte.diegoguindos.com\/fr\/produit\/charcuterie\/charcuterie-daim\/chorizo-daim-en-tranches\/","title":{"rendered":"Chorizo daim en tranches"},"content":{"rendered":"","protected":false},"excerpt":{"rendered":"<p>Chorizo fait \u00e0 la main avec des \u00e9pices naturelles raffin\u00e9es et selon les recettes traditionnelles de Sierra Morena.<\/p>\n<ul>\n\u00a0 <\/p>\n<li> Poids net: environ 100 gr <\/li>\n<p>\u00a0 <\/p>\n<li> Mode de conservation: il est recommand\u00e9 de conserver au r\u00e9frig\u00e9rateur <\/li>\n<p>\u00a0 <\/p>\n<li> Type d&#8217;emballage: en tranches<\/li>\n<p>\u00a0 <\/p>\n<li> Expiration: 90 jours <\/li>\n<\/ul>\n","protected":false},"featured_media":123,"template":"","meta":{"_genesis_hide_title":false,"_genesis_hide_breadcrumbs":false,"_genesis_hide_singular_image":false,"_genesis_hide_footer_widgets":false,"_genesis_custom_body_class":"","_genesis_custom_post_class":"","_genesis_layout":""},"_links":{"self":[{"href":"https:\/\/artemonte.diegoguindos.com\/fr\/wp-json\/wp\/v2\/product\/710"}],"collection":[{"href":"https:\/\/artemonte.diegoguindos.com\/fr\/wp-json\/wp\/v2\/product"}],"about":[{"href":"https:\/\/artemonte.diegoguindos.com\/fr\/wp-json\/wp\/v2\/types\/product"}],"wp:featuredmedia":[{"embeddable":true,"href":"https:\/\/artemonte.diegoguindos.com\/fr\/wp-json\/wp\/v2\/media\/123"}],"wp:attachment":[{"href":"https:\/\/artemonte.diegoguindos.com\/fr\/wp-json\/wp\/v2\/media?parent=710"}],"curies":[{"name":"wp","href":"https:\/\/api.w.org\/{rel}","templated":true}]}}