{"id":735,"date":"2018-10-14T07:14:10","date_gmt":"2018-10-14T07:14:10","guid":{"rendered":"http:\/\/artemonte.diegoguindos.com\/producto\/import-placeholder-for-1345\/"},"modified":"2018-12-26T16:59:13","modified_gmt":"2018-12-26T15:59:13","slug":"burger-de-sanglier","status":"publish","type":"product","link":"https:\/\/artemonte.diegoguindos.com\/fr\/produit\/viande\/viande-sanglier\/burger-de-sanglier\/","title":{"rendered":"Burger de sanglier"},"content":{"rendered":"","protected":false},"excerpt":{"rendered":"<p>La viande de sanglier se caract\u00e9rise par \u00eatre plus rouge et plus sombre que le porc, alors qu&rsquo;elle contient plus de prot\u00e9ines et moins de mati\u00e8res grasses, ce qui en fait une viande hautement recommand\u00e9e \u00e0 consommer normalement.<\/p>\n<p><strong> Caract\u00e9ristiques: <\/strong><\/p>\n<ul>\n\u00a0 <\/p>\n<li> 6 unit\u00e9s <\/li>\n<p>\u00a0 <\/p>\n<li> Poids: 750 gr <\/li>\n<\/ul>\n","protected":false},"featured_media":150,"template":"","meta":{"_genesis_hide_title":false,"_genesis_hide_breadcrumbs":false,"_genesis_hide_singular_image":false,"_genesis_hide_footer_widgets":false,"_genesis_custom_body_class":"","_genesis_custom_post_class":"","_genesis_layout":""},"_links":{"self":[{"href":"https:\/\/artemonte.diegoguindos.com\/fr\/wp-json\/wp\/v2\/product\/735"}],"collection":[{"href":"https:\/\/artemonte.diegoguindos.com\/fr\/wp-json\/wp\/v2\/product"}],"about":[{"href":"https:\/\/artemonte.diegoguindos.com\/fr\/wp-json\/wp\/v2\/types\/product"}],"wp:featuredmedia":[{"embeddable":true,"href":"https:\/\/artemonte.diegoguindos.com\/fr\/wp-json\/wp\/v2\/media\/150"}],"wp:attachment":[{"href":"https:\/\/artemonte.diegoguindos.com\/fr\/wp-json\/wp\/v2\/media?parent=735"}],"curies":[{"name":"wp","href":"https:\/\/api.w.org\/{rel}","templated":true}]}}