{"id":757,"date":"2018-10-14T07:14:20","date_gmt":"2018-10-14T07:14:20","guid":{"rendered":"http:\/\/artemonte.diegoguindos.com\/producto\/import-placeholder-for-2801\/"},"modified":"2018-12-20T08:01:42","modified_gmt":"2018-12-20T07:01:42","slug":"brochettes-de-cerf","status":"publish","type":"product","link":"https:\/\/artemonte.diegoguindos.com\/fr\/produit\/viande\/viande-cerf\/brochettes-de-cerf\/","title":{"rendered":"Brochettes de cerf"},"content":{"rendered":"","protected":false},"excerpt":{"rendered":"<p>La <strong> viande de cerf <\/strong> est l\u00e9g\u00e8re, savoureuse, tr\u00e8s <strong> faible en gras et en cholest\u00e9rol <\/strong>. Ces animaux sont \u00e9lev\u00e9s en libert\u00e9 avec un r\u00e9gime totalement sauvage qui assure la qualit\u00e9 et la naturalit\u00e9 de leurs viandes.<\/p>\n<p><strong> Caract\u00e9ristiques: <\/strong><\/p>\n<ul>\n\u00a0 <\/p>\n<li> 6 unit\u00e9s <\/li>\n<\/ul>\n","protected":false},"featured_media":151,"template":"","meta":{"_genesis_hide_title":false,"_genesis_hide_breadcrumbs":false,"_genesis_hide_singular_image":false,"_genesis_hide_footer_widgets":false,"_genesis_custom_body_class":"","_genesis_custom_post_class":"","_genesis_layout":""},"_links":{"self":[{"href":"https:\/\/artemonte.diegoguindos.com\/fr\/wp-json\/wp\/v2\/product\/757"}],"collection":[{"href":"https:\/\/artemonte.diegoguindos.com\/fr\/wp-json\/wp\/v2\/product"}],"about":[{"href":"https:\/\/artemonte.diegoguindos.com\/fr\/wp-json\/wp\/v2\/types\/product"}],"wp:featuredmedia":[{"embeddable":true,"href":"https:\/\/artemonte.diegoguindos.com\/fr\/wp-json\/wp\/v2\/media\/151"}],"wp:attachment":[{"href":"https:\/\/artemonte.diegoguindos.com\/fr\/wp-json\/wp\/v2\/media?parent=757"}],"curies":[{"name":"wp","href":"https:\/\/api.w.org\/{rel}","templated":true}]}}