{"id":762,"date":"2018-10-14T07:14:20","date_gmt":"2018-10-14T07:14:20","guid":{"rendered":"http:\/\/artemonte.diegoguindos.com\/producto\/import-placeholder-for-2811\/"},"modified":"2018-12-20T08:05:00","modified_gmt":"2018-12-20T07:05:00","slug":"steaks-marines-au-sanglier","status":"publish","type":"product","link":"https:\/\/artemonte.diegoguindos.com\/fr\/produit\/viande\/viande-sanglier\/steaks-marines-au-sanglier\/","title":{"rendered":"Steaks marin\u00e9s au sanglier"},"content":{"rendered":"","protected":false},"excerpt":{"rendered":"<p>La <strong> viande de sanglier <\/strong> se caract\u00e9rise par le fait qu&rsquo;elle est plus rouge et plus fonc\u00e9e que le porc, alors qu&rsquo;elle contient plus de prot\u00e9ines et moins de mati\u00e8res grasses, ce qui en fait une viande hautement recommand\u00e9e \u00e0 consommer r\u00e9guli\u00e8rement.<\/p>\n<p><strong>Caract\u00e9ristiques: <\/strong><\/p>\n<ul>\n\u00a0 <\/p>\n<li>Plateau 1 kg <\/li>\n<p><\/ ul><\/p>\n","protected":false},"featured_media":134,"template":"","meta":{"_genesis_hide_title":false,"_genesis_hide_breadcrumbs":false,"_genesis_hide_singular_image":false,"_genesis_hide_footer_widgets":false,"_genesis_custom_body_class":"","_genesis_custom_post_class":"","_genesis_layout":""},"_links":{"self":[{"href":"https:\/\/artemonte.diegoguindos.com\/fr\/wp-json\/wp\/v2\/product\/762"}],"collection":[{"href":"https:\/\/artemonte.diegoguindos.com\/fr\/wp-json\/wp\/v2\/product"}],"about":[{"href":"https:\/\/artemonte.diegoguindos.com\/fr\/wp-json\/wp\/v2\/types\/product"}],"wp:featuredmedia":[{"embeddable":true,"href":"https:\/\/artemonte.diegoguindos.com\/fr\/wp-json\/wp\/v2\/media\/134"}],"wp:attachment":[{"href":"https:\/\/artemonte.diegoguindos.com\/fr\/wp-json\/wp\/v2\/media?parent=762"}],"curies":[{"name":"wp","href":"https:\/\/api.w.org\/{rel}","templated":true}]}}