{"id":765,"date":"2018-10-14T07:14:21","date_gmt":"2018-10-14T07:14:21","guid":{"rendered":"http:\/\/artemonte.diegoguindos.com\/producto\/import-placeholder-for-2818\/"},"modified":"2018-12-20T07:17:39","modified_gmt":"2018-12-20T06:17:39","slug":"palette-doeufs-desosses","status":"publish","type":"product","link":"https:\/\/artemonte.diegoguindos.com\/fr\/produit\/viande\/viande-chevreuil\/palette-doeufs-desosses\/","title":{"rendered":"Palette d&rsquo;\u0153ufs d\u00e9soss\u00e9s"},"content":{"rendered":"","protected":false},"excerpt":{"rendered":"<p>Quantit\u00e9: 2,50 kg<\/p>\n<p>La viande de chevreuil est l&rsquo;une des plus exclusives et des plus appr\u00e9ci\u00e9es de la p\u00e9ninsule ib\u00e9rique. C&rsquo;est la viande la plus tendre de toutes nos viandes sauvages et se caract\u00e9rise par sa l\u00e9g\u00e8ret\u00e9, son go\u00fbt et son absence de graisse.<\/p>\n","protected":false},"featured_media":192,"template":"","meta":{"_genesis_hide_title":false,"_genesis_hide_breadcrumbs":false,"_genesis_hide_singular_image":false,"_genesis_hide_footer_widgets":false,"_genesis_custom_body_class":"","_genesis_custom_post_class":"","_genesis_layout":""},"_links":{"self":[{"href":"https:\/\/artemonte.diegoguindos.com\/fr\/wp-json\/wp\/v2\/product\/765"}],"collection":[{"href":"https:\/\/artemonte.diegoguindos.com\/fr\/wp-json\/wp\/v2\/product"}],"about":[{"href":"https:\/\/artemonte.diegoguindos.com\/fr\/wp-json\/wp\/v2\/types\/product"}],"wp:featuredmedia":[{"embeddable":true,"href":"https:\/\/artemonte.diegoguindos.com\/fr\/wp-json\/wp\/v2\/media\/192"}],"wp:attachment":[{"href":"https:\/\/artemonte.diegoguindos.com\/fr\/wp-json\/wp\/v2\/media?parent=765"}],"curies":[{"name":"wp","href":"https:\/\/api.w.org\/{rel}","templated":true}]}}